{"id":2034,"date":"2022-09-07T08:17:13","date_gmt":"2022-09-07T15:17:13","guid":{"rendered":"https:\/\/translationcommons.org\/dia-internacional-de-la-traduccion-2022\/"},"modified":"2022-11-22T09:04:26","modified_gmt":"2022-11-22T17:04:26","slug":"dia-internacional-de-la-traduccion-2022","status":"publish","type":"page","link":"https:\/\/translationcommons.org\/es\/dia-internacional-de-la-traduccion-2022\/","title":{"rendered":"D\u00eda Internacional de la Traducci\u00f3n 2022"},"content":{"rendered":"\n<div class=\"wp-block-uagb-container uagb-block-65981795 alignfull uagb-is-root-container\"><div class=\"uagb-container-inner-blocks-wrap\"><div class=\"wp-block-image\">\n<figure class=\"aligncenter size-full\"><img loading=\"lazy\" decoding=\"async\" width=\"1500\" height=\"563\" src=\"https:\/\/translationcommons.org\/wp-content\/uploads\/2022\/09\/ITD2022-Website-Banner-site.png\" alt=\"\" class=\"wp-image-1511\" srcset=\"https:\/\/translationcommons.org\/wp-content\/uploads\/2022\/09\/ITD2022-Website-Banner-site.png 1500w, https:\/\/translationcommons.org\/wp-content\/uploads\/2022\/09\/ITD2022-Website-Banner-site-300x113.png 300w, https:\/\/translationcommons.org\/wp-content\/uploads\/2022\/09\/ITD2022-Website-Banner-site-1024x384.png 1024w, https:\/\/translationcommons.org\/wp-content\/uploads\/2022\/09\/ITD2022-Website-Banner-site-768x288.png 768w\" sizes=\"auto, (max-width: 1500px) 100vw, 1500px\" \/><\/figure>\n<\/div>\n\n\n<div class=\"wp-block-group has-ffffff-background-color has-background is-vertical is-content-justification-center is-layout-flex wp-container-core-group-is-layout-4b2eccd6 wp-block-group-is-layout-flex\" style=\"background-color:#ebe8e5\">\n<p class=\"has-text-align-center has-text-color\" style=\"color:#322114;font-size:30px\">30 de septiembre del 2022, 07:00 a. m. (PDT) &#8211; 12:30 p. m. (PDT)<\/p>\n\n\n\n<p class=\"has-text-align-center has-text-color has-medium-font-size\" style=\"color:#322114;font-size:30px\">The online event will be live-streamed on the\u00a0<\/p>\n\n\n\n<p class=\"has-text-align-center has-text-color has-medium-font-size\" style=\"color:#322114;font-size:30px\"> <a rel=\"noreferrer noopener\" href=\"https:\/\/www.youtube.com\/channel\/UCqI5LsE2RD1LKGr51ZpVd5A\" target=\"_blank\">el canal de YouTube de Translation Commons<\/a><\/p>\n\n\n\n<div style=\"height:9px\" aria-hidden=\"true\" class=\"wp-block-spacer\"><\/div>\n<\/div>\n\n\n\n<div class=\"wp-block-group has-ffffff-background-color has-background is-vertical is-content-justification-center is-layout-flex wp-container-core-group-is-layout-4b2eccd6 wp-block-group-is-layout-flex\">\n<p><\/p>\n\n\n\n<p><\/p>\n\n\n\n<p><\/p>\n\n\n\n<p class=\"has-text-align-center\" style=\"font-size:26px\">Organized by Translation Commons and UNESCO<\/p>\n\n\n\n<p style=\"font-size:26px\">\u00a0<\/p>\n<\/div>\n\n\n\n<div class=\"wp-block-uagb-image uagb-block-c5484688 wp-block-uagb-image--layout-default wp-block-uagb-image--effect-static wp-block-uagb-image--align-center\"><figure class=\"wp-block-uagb-image__figure\"><img loading=\"lazy\" decoding=\"async\" srcset=\"https:\/\/translationcommons.org\/wp-content\/uploads\/2022\/09\/ITD2022-Website-Banner-site-32.png \" src=\"https:\/\/translationcommons.org\/wp-content\/uploads\/2022\/09\/ITD2022-Website-Banner-site-32.png\" alt=\"\" class=\"uag-image-1749\" width=\"591\" height=\"88\" title=\"\"\/><\/figure><\/div>\n<\/div><\/div>\n\n<div style=\"height:49px\" aria-hidden=\"true\" class=\"wp-block-spacer\"><\/div>\n\n<div class=\"wp-block-uagb-container uagb-block-ea3c1836 alignfull uagb-is-root-container\"><div class=\"uagb-container-inner-blocks-wrap\">\n<div class=\"wp-block-uagb-container uagb-block-ce0f289c\">\n<p>The International Translation Day raises awareness of the importance of professional translation as it brings nations together; facilitates dialogue, understanding, and cooperation; contributes to development; and strengthens world peace and security.<\/p>\n\n\n\n<p>El tema de este a\u00f1o es <em>Un mundo sin barreras: traducci\u00f3n e interpretaci\u00f3n en lenguas ind\u00edgenas<\/em>. Los organizadores han planificado un evento en l\u00ednea para invitar al di\u00e1logo a traductores, int\u00e9rpretes y especialistas ling\u00fc\u00edsticos. En el contexto del Decenio Internacional de las Lenguas Ind\u00edgenas (IDIL, por sus siglas en ingl\u00e9s), el que fue anunciado por la Asamblea General de las Naciones Unidas en Diciembre del 2019, este a\u00f1o el evento se enfocar\u00e1 en tem\u00e1ticas relacionadas con la traducci\u00f3n y la interpretaci\u00f3n de lenguas ind\u00edgenas en diversos \u00e1mbitos, como el jur\u00eddico, judicial, gubernamental, medios de comunicaci\u00f3n, educaci\u00f3n y desarrollo profesional.<\/p>\n<\/div>\n\n\n\n<div class=\"wp-block-uagb-container uagb-block-ca84aeec\">\n<div class=\"wp-block-uagb-image uagb-block-ba4efc37 wp-block-uagb-image--layout-default wp-block-uagb-image--effect-static wp-block-uagb-image--align-none\"><figure class=\"wp-block-uagb-image__figure\"><img decoding=\"async\" srcset=\"https:\/\/translationcommons.org\/wp-content\/uploads\/2022\/09\/PHOTO-2019-11-07-16-49-53-1024x768.jpg \" src=\"https:\/\/translationcommons.org\/wp-content\/uploads\/2022\/09\/PHOTO-2019-11-07-16-49-53-1024x768.jpg\" alt=\"\" class=\"uag-image-1614\" width=\"\" height=\"\" title=\"\"\/><\/figure><\/div>\n\n\n\n<div class=\"wp-block-uagb-buttons uagb-buttons__outer-wrap uagb-btn__default-btn uagb-btn-tablet__default-btn uagb-btn-mobile__default-btn uagb-block-93c9ef17\"><div class=\"uagb-buttons__wrap uagb-buttons-layout-wrap\">\n<div class=\"wp-block-uagb-buttons-child uagb-buttons__outer-wrap uagb-block-1192448e wp-block-button is-style-outline\"><div class=\"uagb-button__wrapper\"><a class=\"uagb-buttons-repeater wp-block-button__link has-background has-text-color\" href=\"https:\/\/drive.google.com\/file\/d\/1vEDWfhiyoQkdl8H0C9xYfK6xTi4V0W-5\/view?usp=sharing\" rel=\"follow noopener\" target=\"_blank\"><div class=\"uagb-button__link\">Nota conceptual<\/div><\/a><\/div><\/div>\n<\/div><\/div>\n<\/div>\n<\/div><\/div>\n\n<hr class=\"wp-block-coblocks-dynamic-separator\" style=\"height:50px\">\n\n<div class=\"wp-block-uagb-container uagb-block-6a0d71c1 alignfull uagb-is-root-container\"><div class=\"uagb-container-inner-blocks-wrap\">\n<div class=\"wp-block-uagb-container uagb-block-cd14cbd0\"><div class=\"wp-block-image is-style-default\">\n<figure class=\"aligncenter size-full has-filter-saturation\"><img loading=\"lazy\" decoding=\"async\" width=\"960\" height=\"639\" src=\"https:\/\/translationcommons.org\/wp-content\/uploads\/2022\/09\/74670750_10157620005224659_7099353921201635328_o.jpg\" alt=\"\" class=\"wp-image-1616\" srcset=\"https:\/\/translationcommons.org\/wp-content\/uploads\/2022\/09\/74670750_10157620005224659_7099353921201635328_o.jpg 960w, https:\/\/translationcommons.org\/wp-content\/uploads\/2022\/09\/74670750_10157620005224659_7099353921201635328_o-300x200.jpg 300w, https:\/\/translationcommons.org\/wp-content\/uploads\/2022\/09\/74670750_10157620005224659_7099353921201635328_o-768x511.jpg 768w, https:\/\/translationcommons.org\/wp-content\/uploads\/2022\/09\/74670750_10157620005224659_7099353921201635328_o-930x620.jpg 930w\" sizes=\"auto, (max-width: 960px) 100vw, 960px\" \/><\/figure>\n<\/div>\n\n\n<div class=\"wp-block-uagb-buttons uagb-buttons__outer-wrap uagb-btn__default-btn uagb-btn-tablet__default-btn uagb-btn-mobile__default-btn uagb-block-84da098c\"><div class=\"uagb-buttons__wrap uagb-buttons-layout-wrap\">\n<div class=\"wp-block-uagb-buttons-child uagb-buttons__outer-wrap uagb-block-9d402a90 wp-block-button is-style-outline\"><div class=\"uagb-button__wrapper\"><a class=\"uagb-buttons-repeater wp-block-button__link has-background has-text-color\" href=\"https:\/\/drive.google.com\/file\/d\/1iZHZdYA9KOROtS8KkVEQp31C_1cWGUA8\/view?usp=sharing\" rel=\"follow noopener\" target=\"_blank\"><div class=\"uagb-button__link\">Programa del evento<\/div><\/a><\/div><\/div>\n<\/div><\/div>\n<\/div>\n\n\n\n<div class=\"wp-block-uagb-container uagb-block-b1fc3979\">\n<div class=\"wp-block-uagb-advanced-heading uagb-block-859639b4\" id=\"eventobjective\"><h3 class=\"uagb-heading-text\">Event Objectives\u00a0<\/h3><\/div>\n\n\n\n<div class=\"wp-block-group is-vertical is-layout-flex wp-container-core-group-is-layout-8cf370e7 wp-block-group-is-layout-flex\">\n<ul class=\"wp-block-list\"><li>Dar a conocer la importancia de la traducci\u00f3n e interpretaci\u00f3n profesional en <strong>las lenguas ind\u00edgenas<\/strong> <\/li><li>Compartir buenas pr\u00e1cticas y lecciones extra\u00eddas desde proyectos espec\u00edficos, lo que incluye aquellos relacionados con el desarrollo de <strong>herramientas digitales de traducci\u00f3n<\/strong>  <\/li><li>Celebrar el inicio del <strong>Decenio Internacional de las Lenguas Ind\u00edgenas<\/strong> <\/li><li>Reflexionar sobre las acciones que se van a llevar a cabo para implementar el <strong>Plan de Acci\u00f3n Global<\/strong> del Decenio Internacional de Lenguas Ind\u00edgenas <\/li><\/ul>\n\n\n\n<p>El evento en l\u00ednea se transmitir\u00e1 en vivo por el canal de <a href=\"https:\/\/www.youtube.com\/channel\/UCqI5LsE2RD1LKGr51ZpVd5A\/featured\">You Tube<\/a> de Translation Commons y tambi\u00e9n puedes acceder al enlace en la p\u00e1gina de <a rel=\"noreferrer noopener\" href=\"https:\/\/www.facebook.com\/IndigenousLanguagesDecade\/\" target=\"_blank\">Facebook IDIL 2022-2032<\/a>. Adem\u00e1s del programa principal para el 30 de septiembre de 2022, una campa\u00f1a en las redes sociales estar\u00e1 activa durante el mes de septiembre para reconocer el rol de traductores e int\u00e9rpretes que trabajan con lenguas ind\u00edgenas.<\/p>\n<\/div>\n<\/div>\n<\/div><\/div>\n\n<hr class=\"wp-block-coblocks-dynamic-separator\" style=\"height:50px\">\n\n<div class=\"wp-block-uagb-container uagb-block-93ac756e alignfull uagb-is-root-container\"><div class=\"uagb-container-inner-blocks-wrap\">\n<div class=\"wp-block-uagb-container uagb-block-aacebd71\">\n<div class=\"wp-block-uagb-advanced-heading uagb-block-2c04fbf6\"><h3 class=\"uagb-heading-text\">Oradores<\/h3><\/div>\n\n\n\n<p>Los oradores son representantes de las organizaciones de pueblos ind\u00edgenas, del \u00e1mbito acad\u00e9mico y de otras organizaciones, tanto p\u00fablicas como privadas, que trabajan con pueblos ind\u00edgenas y con profesionales ling\u00fc\u00edsticos de todo el mundo <\/p>\n<\/div>\n\n\n\n<div class=\"wp-block-uagb-container uagb-block-2021dc29\">\n<figure class=\"wp-block-image size-full\"><img loading=\"lazy\" decoding=\"async\" width=\"960\" height=\"640\" src=\"https:\/\/translationcommons.org\/wp-content\/uploads\/2022\/09\/64345299_10157227717889659_9084642948221501440_n.jpg\" alt=\"\" class=\"wp-image-1539\" srcset=\"https:\/\/translationcommons.org\/wp-content\/uploads\/2022\/09\/64345299_10157227717889659_9084642948221501440_n.jpg 960w, https:\/\/translationcommons.org\/wp-content\/uploads\/2022\/09\/64345299_10157227717889659_9084642948221501440_n-300x200.jpg 300w, https:\/\/translationcommons.org\/wp-content\/uploads\/2022\/09\/64345299_10157227717889659_9084642948221501440_n-768x512.jpg 768w, https:\/\/translationcommons.org\/wp-content\/uploads\/2022\/09\/64345299_10157227717889659_9084642948221501440_n-930x620.jpg 930w\" sizes=\"auto, (max-width: 960px) 100vw, 960px\" \/><\/figure>\n\n\n\n<div class=\"wp-block-uagb-buttons uagb-buttons__outer-wrap uagb-btn__default-btn uagb-btn-tablet__default-btn uagb-btn-mobile__default-btn uagb-block-fc0cf6d7\"><div class=\"uagb-buttons__wrap uagb-buttons-layout-wrap\">\n<div class=\"wp-block-uagb-buttons-child uagb-buttons__outer-wrap uagb-block-6bdfe7e3 wp-block-button is-style-outline\"><div class=\"uagb-button__wrapper\"><a class=\"uagb-buttons-repeater wp-block-button__link has-background has-text-color\" href=\"https:\/\/translationcommons.org\/international-translation-day-2022\/itd-speaker\/\" rel=\"follow noopener\" target=\"_self\"><div class=\"uagb-button__link\">Biograf\u00eda de los oradores<\/div><\/a><\/div><\/div>\n<\/div><\/div>\n<\/div>\n<\/div><\/div>\n\n<p style=\"margin:0px 0px 10px 0px;text-align:center;font-size:17px;line-height:150%;color:#000;font-weight:bold;\">Add event to calendar<\/p><p style=\"margin:0px 0px 10px 0px;text-align:center;font-size:0px;\"><a href=\"https:\/\/www.addevent.com\/event\/bO15060289+apple\" title=\"Apple\" target=\"_blank\" style=\"display:inline;\" rel=\"noopener\"><img decoding=\"async\" src=\"https:\/\/cdn.addevent.com\/libs\/imgs\/icon-emd-share-apple-t1.png\" alt=\"Apple\" width=\"45\" border=\"0\" style=\"width:45px;display:inline;\"\/><\/a><a href=\"https:\/\/www.addevent.com\/event\/bO15060289+google\" title=\"Google\" target=\"_blank\" style=\"display:inline;\" rel=\"noopener\"><img decoding=\"async\" src=\"https:\/\/cdn.addevent.com\/libs\/imgs\/icon-emd-share-google-t1.png\" alt=\"Google\" width=\"45\" border=\"0\" style=\"width:45px;display:inline;\"\/><\/a><a href=\"https:\/\/www.addevent.com\/event\/bO15060289+office365\" title=\"Office 365\" target=\"_blank\" style=\"display:inline;\" rel=\"noopener\"><img decoding=\"async\" src=\"https:\/\/cdn.addevent.com\/libs\/imgs\/icon-emd-share-office365-t1.png\" alt=\"Office 365\" width=\"45\" border=\"0\" style=\"width:45px;display:inline;\"\/><\/a><a href=\"https:\/\/www.addevent.com\/event\/bO15060289+outlook\" title=\"Outlook\" target=\"_blank\" style=\"display:inline;\" rel=\"noopener\"><img decoding=\"async\" src=\"https:\/\/cdn.addevent.com\/libs\/imgs\/icon-emd-share-outlook-t1.png\" alt=\"Outlook\" width=\"45\" border=\"0\" style=\"width:45px;display:inline;\"\/><\/a><a href=\"https:\/\/www.addevent.com\/event\/bO15060289+outlookcom\" title=\"Outlook.com\" target=\"_blank\" style=\"display:inline;\" rel=\"noopener\"><img decoding=\"async\" src=\"https:\/\/cdn.addevent.com\/libs\/imgs\/icon-emd-share-outlookcom-t1.png\" alt=\"Outlook.com\" width=\"45\" border=\"0\" style=\"width:45px;display:inline;\"\/><\/a><a href=\"https:\/\/www.addevent.com\/event\/bO15060289+yahoo\" title=\"Yahoo\" target=\"_blank\" rel=\"noopener\"><img decoding=\"async\" src=\"https:\/\/cdn.addevent.com\/libs\/imgs\/icon-emd-share-yahoo-t1.png\" alt=\"Yahoo\" width=\"45\" border=\"0\" style=\"width:45px;display:inline;\"\/><\/a><\/p>\n\n<hr class=\"wp-block-coblocks-dynamic-separator is-style-line\" style=\"height:50px\">\n\n<div class=\"wp-block-uagb-container uagb-block-c023ef41 alignfull uagb-is-root-container\"><div class=\"uagb-container-inner-blocks-wrap\">\n<div class=\"wp-block-uagb-advanced-heading uagb-block-0427adc5\"><h3 class=\"uagb-heading-text\">Contributors<\/h3><\/div>\n\n\n\n<p>Translation Commons agradece profundamente a todos los voluntarios que se han esforzado tras bambalinas para llevar a cabo este emocionante evento al brindar sus habilidades, tiempo, pasi\u00f3n y generosidad. Asimismo, a nuestros oradores que nos aportaron con sus a\u00f1os de experiencia para arrojar luz sobre esta \u00e1rea de la lengua ind\u00edgena, tan importante y muchas veces tan pasada por alto, en sus m\u00faltiples \u00e1mbitos en el mundo moderno. Nuestros colaboradores nos proporcionaron orientaci\u00f3n e infraestructura para dise\u00f1ar el programa y llevarlo a cabo. Estamos muy agradecidos por el honor de trabajar con todos ustedes. Gracias por su contribuci\u00f3n.<\/p>\n\n\n\n<div class=\"wp-block-uagb-buttons uagb-buttons__outer-wrap uagb-btn__default-btn uagb-btn-tablet__default-btn uagb-btn-mobile__default-btn uagb-block-c74cdf78\"><div class=\"uagb-buttons__wrap uagb-buttons-layout-wrap\">\n<div class=\"wp-block-uagb-buttons-child uagb-buttons__outer-wrap uagb-block-10bf9558 wp-block-button is-style-outline\"><div class=\"uagb-button__wrapper\"><a class=\"uagb-buttons-repeater wp-block-button__link has-background has-text-color\" href=\"https:\/\/translationcommons.org\/international-translation-day-2022\/itd-2022-event-team\/\" rel=\"follow noopener\" target=\"_self\"><div class=\"uagb-button__link\">Equipo de evento ITD 2022<\/div><\/a><\/div><\/div>\n<\/div><\/div>\n<\/div><\/div>\n\n<div style=\"height:44px\" aria-hidden=\"true\" class=\"wp-block-spacer\"><\/div>\n\n<hr class=\"wp-block-separator has-text-color has-nv-light-bg-color has-alpha-channel-opacity has-nv-light-bg-background-color has-background is-style-line is-style-dots\"\/>\n\n<div style=\"height:63px\" aria-hidden=\"true\" class=\"wp-block-spacer\"><\/div>\n\n<div style=\"height:79px\" aria-hidden=\"true\" class=\"wp-block-spacer\"><\/div>\n","protected":false},"excerpt":{"rendered":"<p>Add event to calendar<\/p>\n","protected":false},"author":7,"featured_media":0,"parent":0,"menu_order":4,"comment_status":"closed","ping_status":"closed","template":"","meta":{"_coblocks_attr":"","_coblocks_dimensions":"","_coblocks_responsive_height":"","_coblocks_accordion_ie_support":"","om_disable_all_campaigns":false,"_monsterinsights_skip_tracking":false,"_monsterinsights_sitenote_active":false,"_monsterinsights_sitenote_note":"","_monsterinsights_sitenote_category":0,"neve_meta_sidebar":"","neve_meta_container":"","neve_meta_enable_content_width":"","neve_meta_content_width":0,"neve_meta_title_alignment":"","neve_meta_author_avatar":"","neve_post_elements_order":"","neve_meta_disable_header":"","neve_meta_disable_footer":"","neve_meta_disable_title":"","footnotes":""},"class_list":["post-2034","page","type-page","status-publish","hentry"],"yoast_head":"<!-- This site is optimized with the Yoast SEO plugin v27.2 - https:\/\/yoast.com\/product\/yoast-seo-wordpress\/ -->\n<title>D\u00eda Internacional de la Traducci\u00f3n 2022 - Translation Commons<\/title>\n<meta name=\"robots\" content=\"index, follow, max-snippet:-1, max-image-preview:large, max-video-preview:-1\" \/>\n<link rel=\"canonical\" href=\"https:\/\/translationcommons.org\/es\/dia-internacional-de-la-traduccion-2022\/\" \/>\n<meta property=\"og:locale\" content=\"es_ES\" \/>\n<meta property=\"og:type\" content=\"article\" \/>\n<meta property=\"og:title\" content=\"D\u00eda Internacional de la Traducci\u00f3n 2022 - Translation Commons\" \/>\n<meta property=\"og:description\" content=\"Add event to calendar\" \/>\n<meta property=\"og:url\" content=\"https:\/\/translationcommons.org\/es\/dia-internacional-de-la-traduccion-2022\/\" \/>\n<meta property=\"og:site_name\" content=\"Translation Commons\" \/>\n<meta property=\"article:modified_time\" content=\"2022-11-22T17:04:26+00:00\" \/>\n<meta property=\"og:image\" content=\"https:\/\/translationcommons.org\/wp-content\/uploads\/2022\/09\/ITD2022-Website-Banner-site.png\" \/>\n<meta name=\"twitter:card\" content=\"summary_large_image\" \/>\n<meta name=\"twitter:label1\" content=\"Tiempo de lectura\" \/>\n\t<meta name=\"twitter:data1\" content=\"2 minutos\" \/>\n<script type=\"application\/ld+json\" class=\"yoast-schema-graph\">{\"@context\":\"https:\/\/schema.org\",\"@graph\":[{\"@type\":\"WebPage\",\"@id\":\"https:\/\/translationcommons.org\/es\/dia-internacional-de-la-traduccion-2022\/\",\"url\":\"https:\/\/translationcommons.org\/es\/dia-internacional-de-la-traduccion-2022\/\",\"name\":\"D\u00eda Internacional de la Traducci\u00f3n 2022 - Translation Commons\",\"isPartOf\":{\"@id\":\"https:\/\/translationcommons.org\/es\/#website\"},\"primaryImageOfPage\":{\"@id\":\"https:\/\/translationcommons.org\/es\/dia-internacional-de-la-traduccion-2022\/#primaryimage\"},\"image\":{\"@id\":\"https:\/\/translationcommons.org\/es\/dia-internacional-de-la-traduccion-2022\/#primaryimage\"},\"thumbnailUrl\":\"https:\/\/translationcommons.org\/wp-content\/uploads\/2022\/09\/ITD2022-Website-Banner-site.png\",\"datePublished\":\"2022-09-07T15:17:13+00:00\",\"dateModified\":\"2022-11-22T17:04:26+00:00\",\"breadcrumb\":{\"@id\":\"https:\/\/translationcommons.org\/es\/dia-internacional-de-la-traduccion-2022\/#breadcrumb\"},\"inLanguage\":\"es\",\"potentialAction\":[{\"@type\":\"ReadAction\",\"target\":[\"https:\/\/translationcommons.org\/es\/dia-internacional-de-la-traduccion-2022\/\"]}]},{\"@type\":\"ImageObject\",\"inLanguage\":\"es\",\"@id\":\"https:\/\/translationcommons.org\/es\/dia-internacional-de-la-traduccion-2022\/#primaryimage\",\"url\":\"https:\/\/translationcommons.org\/wp-content\/uploads\/2022\/09\/ITD2022-Website-Banner-site.png\",\"contentUrl\":\"https:\/\/translationcommons.org\/wp-content\/uploads\/2022\/09\/ITD2022-Website-Banner-site.png\"},{\"@type\":\"BreadcrumbList\",\"@id\":\"https:\/\/translationcommons.org\/es\/dia-internacional-de-la-traduccion-2022\/#breadcrumb\",\"itemListElement\":[{\"@type\":\"ListItem\",\"position\":1,\"name\":\"Home\",\"item\":\"https:\/\/translationcommons.org\/es\/\"},{\"@type\":\"ListItem\",\"position\":2,\"name\":\"D\u00eda Internacional de la Traducci\u00f3n 2022\"}]},{\"@type\":\"WebSite\",\"@id\":\"https:\/\/translationcommons.org\/es\/#website\",\"url\":\"https:\/\/translationcommons.org\/es\/\",\"name\":\"Translation Commons\",\"description\":\"A volunteer community of language technology experts\",\"publisher\":{\"@id\":\"https:\/\/translationcommons.org\/es\/#\/schema\/person\/c05e28231c3ea858d349692fe67644bf\"},\"potentialAction\":[{\"@type\":\"SearchAction\",\"target\":{\"@type\":\"EntryPoint\",\"urlTemplate\":\"https:\/\/translationcommons.org\/es\/?s={search_term_string}\"},\"query-input\":{\"@type\":\"PropertyValueSpecification\",\"valueRequired\":true,\"valueName\":\"search_term_string\"}}],\"inLanguage\":\"es\"},{\"@type\":[\"Person\",\"Organization\"],\"@id\":\"https:\/\/translationcommons.org\/es\/#\/schema\/person\/c05e28231c3ea858d349692fe67644bf\",\"name\":\"tcadminwp\",\"image\":{\"@type\":\"ImageObject\",\"inLanguage\":\"es\",\"@id\":\"https:\/\/translationcommons.org\/wp-content\/uploads\/2022\/07\/TC-logo.png\",\"url\":\"https:\/\/translationcommons.org\/wp-content\/uploads\/2022\/07\/TC-logo.png\",\"contentUrl\":\"https:\/\/translationcommons.org\/wp-content\/uploads\/2022\/07\/TC-logo.png\",\"width\":1885,\"height\":949,\"caption\":\"tcadminwp\"},\"logo\":{\"@id\":\"https:\/\/translationcommons.org\/wp-content\/uploads\/2022\/07\/TC-logo.png\"},\"sameAs\":[\"https:\/\/translationcommons.org\"]}]}<\/script>\n<!-- \/ Yoast SEO plugin. -->","yoast_head_json":{"title":"D\u00eda Internacional de la Traducci\u00f3n 2022 - Translation Commons","robots":{"index":"index","follow":"follow","max-snippet":"max-snippet:-1","max-image-preview":"max-image-preview:large","max-video-preview":"max-video-preview:-1"},"canonical":"https:\/\/translationcommons.org\/es\/dia-internacional-de-la-traduccion-2022\/","og_locale":"es_ES","og_type":"article","og_title":"D\u00eda Internacional de la Traducci\u00f3n 2022 - Translation Commons","og_description":"Add event to calendar","og_url":"https:\/\/translationcommons.org\/es\/dia-internacional-de-la-traduccion-2022\/","og_site_name":"Translation Commons","article_modified_time":"2022-11-22T17:04:26+00:00","og_image":[{"url":"https:\/\/translationcommons.org\/wp-content\/uploads\/2022\/09\/ITD2022-Website-Banner-site.png","type":"","width":"","height":""}],"twitter_card":"summary_large_image","twitter_misc":{"Tiempo de lectura":"2 minutos"},"schema":{"@context":"https:\/\/schema.org","@graph":[{"@type":"WebPage","@id":"https:\/\/translationcommons.org\/es\/dia-internacional-de-la-traduccion-2022\/","url":"https:\/\/translationcommons.org\/es\/dia-internacional-de-la-traduccion-2022\/","name":"D\u00eda Internacional de la Traducci\u00f3n 2022 - Translation Commons","isPartOf":{"@id":"https:\/\/translationcommons.org\/es\/#website"},"primaryImageOfPage":{"@id":"https:\/\/translationcommons.org\/es\/dia-internacional-de-la-traduccion-2022\/#primaryimage"},"image":{"@id":"https:\/\/translationcommons.org\/es\/dia-internacional-de-la-traduccion-2022\/#primaryimage"},"thumbnailUrl":"https:\/\/translationcommons.org\/wp-content\/uploads\/2022\/09\/ITD2022-Website-Banner-site.png","datePublished":"2022-09-07T15:17:13+00:00","dateModified":"2022-11-22T17:04:26+00:00","breadcrumb":{"@id":"https:\/\/translationcommons.org\/es\/dia-internacional-de-la-traduccion-2022\/#breadcrumb"},"inLanguage":"es","potentialAction":[{"@type":"ReadAction","target":["https:\/\/translationcommons.org\/es\/dia-internacional-de-la-traduccion-2022\/"]}]},{"@type":"ImageObject","inLanguage":"es","@id":"https:\/\/translationcommons.org\/es\/dia-internacional-de-la-traduccion-2022\/#primaryimage","url":"https:\/\/translationcommons.org\/wp-content\/uploads\/2022\/09\/ITD2022-Website-Banner-site.png","contentUrl":"https:\/\/translationcommons.org\/wp-content\/uploads\/2022\/09\/ITD2022-Website-Banner-site.png"},{"@type":"BreadcrumbList","@id":"https:\/\/translationcommons.org\/es\/dia-internacional-de-la-traduccion-2022\/#breadcrumb","itemListElement":[{"@type":"ListItem","position":1,"name":"Home","item":"https:\/\/translationcommons.org\/es\/"},{"@type":"ListItem","position":2,"name":"D\u00eda Internacional de la Traducci\u00f3n 2022"}]},{"@type":"WebSite","@id":"https:\/\/translationcommons.org\/es\/#website","url":"https:\/\/translationcommons.org\/es\/","name":"Translation Commons","description":"A volunteer community of language technology experts","publisher":{"@id":"https:\/\/translationcommons.org\/es\/#\/schema\/person\/c05e28231c3ea858d349692fe67644bf"},"potentialAction":[{"@type":"SearchAction","target":{"@type":"EntryPoint","urlTemplate":"https:\/\/translationcommons.org\/es\/?s={search_term_string}"},"query-input":{"@type":"PropertyValueSpecification","valueRequired":true,"valueName":"search_term_string"}}],"inLanguage":"es"},{"@type":["Person","Organization"],"@id":"https:\/\/translationcommons.org\/es\/#\/schema\/person\/c05e28231c3ea858d349692fe67644bf","name":"tcadminwp","image":{"@type":"ImageObject","inLanguage":"es","@id":"https:\/\/translationcommons.org\/wp-content\/uploads\/2022\/07\/TC-logo.png","url":"https:\/\/translationcommons.org\/wp-content\/uploads\/2022\/07\/TC-logo.png","contentUrl":"https:\/\/translationcommons.org\/wp-content\/uploads\/2022\/07\/TC-logo.png","width":1885,"height":949,"caption":"tcadminwp"},"logo":{"@id":"https:\/\/translationcommons.org\/wp-content\/uploads\/2022\/07\/TC-logo.png"},"sameAs":["https:\/\/translationcommons.org"]}]}},"_links":{"self":[{"href":"https:\/\/translationcommons.org\/es\/wp-json\/wp\/v2\/pages\/2034","targetHints":{"allow":["GET"]}}],"collection":[{"href":"https:\/\/translationcommons.org\/es\/wp-json\/wp\/v2\/pages"}],"about":[{"href":"https:\/\/translationcommons.org\/es\/wp-json\/wp\/v2\/types\/page"}],"author":[{"embeddable":true,"href":"https:\/\/translationcommons.org\/es\/wp-json\/wp\/v2\/users\/7"}],"replies":[{"embeddable":true,"href":"https:\/\/translationcommons.org\/es\/wp-json\/wp\/v2\/comments?post=2034"}],"version-history":[{"count":1,"href":"https:\/\/translationcommons.org\/es\/wp-json\/wp\/v2\/pages\/2034\/revisions"}],"predecessor-version":[{"id":2036,"href":"https:\/\/translationcommons.org\/es\/wp-json\/wp\/v2\/pages\/2034\/revisions\/2036"}],"wp:attachment":[{"href":"https:\/\/translationcommons.org\/es\/wp-json\/wp\/v2\/media?parent=2034"}],"curies":[{"name":"wp","href":"https:\/\/api.w.org\/{rel}","templated":true}]}}