{"id":2031,"date":"2022-09-18T21:14:45","date_gmt":"2022-09-19T04:14:45","guid":{"rendered":"https:\/\/translationcommons.org\/donate\/"},"modified":"2022-11-22T08:58:58","modified_gmt":"2022-11-22T16:58:58","slug":"donate","status":"publish","type":"page","link":"https:\/\/translationcommons.org\/es\/donate\/","title":{"rendered":"Donate"},"content":{"rendered":"\n<div style=\"height:100px\" aria-hidden=\"true\" class=\"wp-block-spacer\"><\/div>\n\n<div class=\"wp-block-uagb-container uagb-block-008ec02b alignfull uagb-is-root-container\"><div class=\"uagb-container-inner-blocks-wrap\">\n<div class=\"wp-block-uagb-advanced-heading uagb-block-532d76ee\"><h2 class=\"uagb-heading-text\">Apoya a Translation Commons<\/h2><p class=\"uagb-desc-text\">Con tu ayuda nuestro equipo de voluntarios podr\u00e1 atender las necesidades en l\u00ednea de nuestros miembros y garantizar que nuestras iniciativas contin\u00faen.<\/p><\/div>\n<\/div><\/div>\n\n<div style=\"height:50px\" aria-hidden=\"true\" class=\"wp-block-spacer\"><\/div>\n\n<div class=\"wp-block-uagb-container uagb-block-0148ad9e alignfull uagb-is-root-container\"><div class=\"uagb-container-inner-blocks-wrap\">\n<div style=\"height:20px\" aria-hidden=\"true\" class=\"wp-block-spacer\"><\/div>\n\n\n\n<div class=\"wp-block-uagb-container uagb-block-027b4d2d\">\n<div class=\"wp-block-group alignwide is-vertical is-content-justification-center is-layout-flex wp-container-core-group-is-layout-4b2eccd6 wp-block-group-is-layout-flex\">\n<p>Ap\u00f3yanos con PayPal<\/p>\n\n\n\n<form action=\"https:\/\/www.paypal.com\/donate\" method=\"post\" target=\"_top\">\n<input type=\"hidden\" name=\"hosted_button_id\" value=\"2A6EVPNNW5YCL\"\/>\n<input type=\"image\" src=\"https:\/\/www.paypalobjects.com\/en_US\/i\/btn\/btn_donateCC_LG.gif\" border=\"0\" name=\"submit\" title=\"PayPal - \u00a1La forma f\u00e1cil y segura de pagar en l\u00ednea!\" alt=\"Dona con el bot\u00f3n de PayPal\"\/>\n<img loading=\"lazy\" decoding=\"async\" alt=\"\" border=\"0\" src=\"https:\/\/www.paypal.com\/en_US\/i\/scr\/pixel.gif\" width=\"1\" height=\"1\"\/>\n<\/form>\n<\/div>\n<\/div>\n\n\n\n<div style=\"height:17px\" aria-hidden=\"true\" class=\"wp-block-spacer\"><\/div>\n\n\n\n<div class=\"wp-block-uagb-container uagb-block-47356e28\">\n<div class=\"wp-block-group alignwide is-vertical is-content-justification-center is-layout-flex wp-container-core-group-is-layout-4b2eccd6 wp-block-group-is-layout-flex\">\n<p>Ap\u00f3yanos con <a href=\"https:\/\/smile.amazon.com\/ch\/47-3068747\">Amazon Smile<\/a><\/p>\n\n\n\n<div id=\"amznCharityBanner\"><script type=\"text\/javascript\">(function() {var iFrame = document.createElement('iframe'); iFrame.style.display = 'none'; iFrame.style.border = \"none\"; iFrame.width = 310; iFrame.height = 256; iFrame.setAttribute && iFrame.setAttribute('scrolling', 'no'); iFrame.setAttribute('frameborder', '0'); setTimeout(function() {var contents = (iFrame.contentWindow) ? iFrame.contentWindow : (iFrame.contentDocument.document) ? iFrame.contentDocument.document : iFrame.contentDocument; contents.document.open(); contents.document.write(decodeURIComponent(\"%3Cdiv%20id%3D%22amznCharityBannerInner%22%3E%3Ca%20href%3D%22https%3A%2F%2Fsmile.amazon.com%2Fch%2F47-3068747%22%20target%3D%22_blank%22%3E%3Cdiv%20class%3D%22text%22%20height%3D%22%22%3E%3Cdiv%20class%3D%22support-wrapper%22%3E%3Cdiv%20class%3D%22support%22%20style%3D%22font-size%3A%2025px%3B%20line-height%3A%2028px%3B%20margin-top%3A%201px%3B%20margin-bottom%3A%201px%3B%22%3ESupport%20%3Cspan%20id%3D%22charity-name%22%20style%3D%22display%3A%20inline-block%3B%22%3ETranslation%20Commons%20Inc.%3C%2Fspan%3E%3C%2Fdiv%3E%3C%2Fdiv%3E%3Cp%20class%3D%22when-shop%22%3EWhen%20you%20shop%20at%20%3Cb%3Esmile.amazon.com%2C%3C%2Fb%3E%3C%2Fp%3E%3Cp%20class%3D%22donates%22%3EAmazon%20donates.%3C%2Fp%3E%3C%2Fdiv%3E%3C%2Fa%3E%3C%2Fdiv%3E%3Cstyle%3E%23amznCharityBannerInner%7Bbackground-image%3Aurl(https%3A%2F%2Fimages-na.ssl-images-amazon.com%2Fimages%2FG%2F01%2Fx-locale%2Fpaladin%2Fcharitycentral%2Fbanner-background-image._CB485922134_.png)%3Bwidth%3A300px%3Bheight%3A250px%3Bposition%3Arelative%7D%23amznCharityBannerInner%20a%7Bdisplay%3Ablock%3Bwidth%3A100%25%3Bheight%3A100%25%3Bposition%3Arelative%3Bcolor%3A%23000%3Btext-decoration%3Anone%7D.text%7Bposition%3Aabsolute%3Btop%3A20px%3Bleft%3A15px%3Bright%3A15px%3Bbottom%3A100px%7D.support-wrapper%7Boverflow%3Ahidden%3Bmax-height%3A86px%7D.support%7Bfont-family%3AArial%2Csans%3Bfont-weight%3A700%3Bline-height%3A28px%3Bfont-size%3A25px%3Bcolor%3A%23333%3Btext-align%3Acenter%3Bmargin%3A0%3Bpadding%3A0%3Bbackground%3A0%200%7D.when-shop%7Bfont-family%3AArial%2Csans%3Bfont-size%3A15px%3Bfont-weight%3A400%3Bline-height%3A25px%3Bcolor%3A%23333%3Btext-align%3Acenter%3Bmargin%3A0%3Bpadding%3A0%3Bbackground%3A0%200%7D.donates%7Bfont-family%3AArial%2Csans%3Bfont-size%3A15px%3Bfont-weight%3A400%3Bline-height%3A21px%3Bcolor%3A%23333%3Btext-align%3Acenter%3Bmargin%3A0%3Bpadding%3A0%3Bbackground%3A0%200%7D%3C%2Fstyle%3E\")); contents.document.close(); iFrame.style.display = 'block';}); document.getElementById('amznCharityBanner').appendChild(iFrame); })(); <\/script><\/div>\n<\/div>\n<\/div>\n\n\n\n<div style=\"height:23px\" aria-hidden=\"true\" class=\"wp-block-spacer\"><\/div>\n<\/div><\/div>\n\n<div style=\"height:50px\" aria-hidden=\"true\" class=\"wp-block-spacer\"><\/div>\n\n<div class=\"wp-block-uagb-container uagb-block-ffdfc14f alignfull uagb-is-root-container\"><div class=\"uagb-container-inner-blocks-wrap\">\n<div class=\"wp-block-uagb-advanced-heading uagb-block-d59b400b\"><h2 class=\"uagb-heading-text\">Apoya nuestras actividades<\/h2><p class=\"uagb-desc-text\">Translation Commons acoge con agrado a los patrocinadores. Si compartes nuestra pasi\u00f3n aceptamos y agradecemos tu gentil apoyo, adem\u00e1s, reconoceremos tu ayuda en nuestro programa de oradores. Valoramos mucho las donaciones de cualquier cantidad y son deducibles de impuestos.<\/p><\/div>\n\n\n\n<div style=\"height:14px\" aria-hidden=\"true\" class=\"wp-block-spacer\"><\/div>\n\n\n\n<div class=\"wp-block-group is-vertical is-content-justification-center is-layout-flex wp-container-core-group-is-layout-4b2eccd6 wp-block-group-is-layout-flex\">\n<form action=\"https:\/\/www.paypal.com\/donate\" method=\"post\" target=\"_top\">\n<input type=\"hidden\" name=\"hosted_button_id\" value=\"2A6EVPNNW5YCL\"\/>\n<input type=\"image\" src=\"https:\/\/www.paypalobjects.com\/en_US\/i\/btn\/btn_donateCC_LG.gif\" border=\"0\" name=\"submit\" title=\"PayPal - \u00a1La forma f\u00e1cil y segura de pagar en l\u00ednea!\" alt=\"Dona con el bot\u00f3n de PayPal\"\/>\n<img loading=\"lazy\" decoding=\"async\" alt=\"\" border=\"0\" src=\"https:\/\/www.paypal.com\/en_US\/i\/scr\/pixel.gif\" width=\"1\" height=\"1\"\/>\n<\/form>\n<\/div>\n<\/div><\/div>\n\n<div style=\"height:81px\" aria-hidden=\"true\" class=\"wp-block-spacer\"><\/div>\n","protected":false},"excerpt":{"rendered":"<p>Apoya a Translation Commons Con tu ayuda nuestro equipo de voluntarios podr\u00e1 atender las necesidades en l\u00ednea de nuestros miembros y garantizar que nuestras iniciativas contin\u00faen. Ap\u00f3yanos con PayPal Ap\u00f3yanos con Amazon Smile Apoya nuestras actividades Translation Commons acoge con agrado a los patrocinadores. Si compartes nuestra pasi\u00f3n aceptamos y agradecemos tu gentil apoyo, adem\u00e1s,&hellip;&nbsp;<a href=\"https:\/\/translationcommons.org\/es\/donate\/\" rel=\"bookmark\">Leer m\u00e1s &raquo;<span class=\"screen-reader-text\">Donate<\/span><\/a><\/p>\n","protected":false},"author":7,"featured_media":0,"parent":0,"menu_order":3,"comment_status":"closed","ping_status":"closed","template":"","meta":{"_coblocks_attr":"","_coblocks_dimensions":"","_coblocks_responsive_height":"","_coblocks_accordion_ie_support":"","om_disable_all_campaigns":false,"_uag_custom_page_level_css":"","_monsterinsights_skip_tracking":false,"_monsterinsights_sitenote_active":false,"_monsterinsights_sitenote_note":"","_monsterinsights_sitenote_category":0,"neve_meta_sidebar":"","neve_meta_container":"","neve_meta_enable_content_width":"","neve_meta_content_width":0,"neve_meta_title_alignment":"","neve_meta_author_avatar":"","neve_post_elements_order":"","neve_meta_disable_header":"","neve_meta_disable_footer":"","neve_meta_disable_title":"","footnotes":""},"class_list":["post-2031","page","type-page","status-publish","hentry"],"yoast_head":"<!-- This site is optimized with the Yoast SEO plugin v27.4 - https:\/\/yoast.com\/product\/yoast-seo-wordpress\/ -->\n<title>Donate - Translation Commons<\/title>\n<meta name=\"robots\" content=\"index, follow, max-snippet:-1, max-image-preview:large, max-video-preview:-1\" \/>\n<link rel=\"canonical\" href=\"https:\/\/translationcommons.org\/es\/donate\/\" \/>\n<meta property=\"og:locale\" content=\"es_ES\" \/>\n<meta property=\"og:type\" content=\"article\" \/>\n<meta property=\"og:title\" content=\"Donate - Translation Commons\" \/>\n<meta property=\"og:description\" content=\"Apoya a Translation Commons Con tu ayuda nuestro equipo de voluntarios podr\u00e1 atender las necesidades en l\u00ednea de nuestros miembros y garantizar que nuestras iniciativas contin\u00faen. Ap\u00f3yanos con PayPal Ap\u00f3yanos con Amazon Smile Apoya nuestras actividades Translation Commons acoge con agrado a los patrocinadores. Si compartes nuestra pasi\u00f3n aceptamos y agradecemos tu gentil apoyo, adem\u00e1s,&hellip;&nbsp;Leer m\u00e1s &raquo;Donate\" \/>\n<meta property=\"og:url\" content=\"https:\/\/translationcommons.org\/es\/donate\/\" \/>\n<meta property=\"og:site_name\" content=\"Translation Commons\" \/>\n<meta property=\"article:modified_time\" content=\"2022-11-22T16:58:58+00:00\" \/>\n<meta property=\"og:image\" content=\"https:\/\/www.paypal.com\/en_US\/i\/scr\/pixel.gif\" \/>\n<meta name=\"twitter:card\" content=\"summary_large_image\" \/>\n<script type=\"application\/ld+json\" class=\"yoast-schema-graph\">{\"@context\":\"https:\\\/\\\/schema.org\",\"@graph\":[{\"@type\":\"WebPage\",\"@id\":\"https:\\\/\\\/translationcommons.org\\\/es\\\/donate\\\/\",\"url\":\"https:\\\/\\\/translationcommons.org\\\/es\\\/donate\\\/\",\"name\":\"Donate - Translation Commons\",\"isPartOf\":{\"@id\":\"https:\\\/\\\/translationcommons.org\\\/es\\\/#website\"},\"primaryImageOfPage\":{\"@id\":\"https:\\\/\\\/translationcommons.org\\\/es\\\/donate\\\/#primaryimage\"},\"image\":{\"@id\":\"https:\\\/\\\/translationcommons.org\\\/es\\\/donate\\\/#primaryimage\"},\"thumbnailUrl\":\"https:\\\/\\\/www.paypal.com\\\/en_US\\\/i\\\/scr\\\/pixel.gif\",\"datePublished\":\"2022-09-19T04:14:45+00:00\",\"dateModified\":\"2022-11-22T16:58:58+00:00\",\"breadcrumb\":{\"@id\":\"https:\\\/\\\/translationcommons.org\\\/es\\\/donate\\\/#breadcrumb\"},\"inLanguage\":\"es\",\"potentialAction\":[{\"@type\":\"ReadAction\",\"target\":[\"https:\\\/\\\/translationcommons.org\\\/es\\\/donate\\\/\"]}]},{\"@type\":\"ImageObject\",\"inLanguage\":\"es\",\"@id\":\"https:\\\/\\\/translationcommons.org\\\/es\\\/donate\\\/#primaryimage\",\"url\":\"https:\\\/\\\/www.paypal.com\\\/en_US\\\/i\\\/scr\\\/pixel.gif\",\"contentUrl\":\"https:\\\/\\\/www.paypal.com\\\/en_US\\\/i\\\/scr\\\/pixel.gif\"},{\"@type\":\"BreadcrumbList\",\"@id\":\"https:\\\/\\\/translationcommons.org\\\/es\\\/donate\\\/#breadcrumb\",\"itemListElement\":[{\"@type\":\"ListItem\",\"position\":1,\"name\":\"Home\",\"item\":\"https:\\\/\\\/translationcommons.org\\\/es\\\/\"},{\"@type\":\"ListItem\",\"position\":2,\"name\":\"Donate\"}]},{\"@type\":\"WebSite\",\"@id\":\"https:\\\/\\\/translationcommons.org\\\/es\\\/#website\",\"url\":\"https:\\\/\\\/translationcommons.org\\\/es\\\/\",\"name\":\"Translation Commons\",\"description\":\"A volunteer community of language technology experts\",\"publisher\":{\"@id\":\"https:\\\/\\\/translationcommons.org\\\/es\\\/#\\\/schema\\\/person\\\/c05e28231c3ea858d349692fe67644bf\"},\"potentialAction\":[{\"@type\":\"SearchAction\",\"target\":{\"@type\":\"EntryPoint\",\"urlTemplate\":\"https:\\\/\\\/translationcommons.org\\\/es\\\/?s={search_term_string}\"},\"query-input\":{\"@type\":\"PropertyValueSpecification\",\"valueRequired\":true,\"valueName\":\"search_term_string\"}}],\"inLanguage\":\"es\"},{\"@type\":[\"Person\",\"Organization\"],\"@id\":\"https:\\\/\\\/translationcommons.org\\\/es\\\/#\\\/schema\\\/person\\\/c05e28231c3ea858d349692fe67644bf\",\"name\":\"tcadminwp\",\"image\":{\"@type\":\"ImageObject\",\"inLanguage\":\"es\",\"@id\":\"https:\\\/\\\/translationcommons.org\\\/wp-content\\\/uploads\\\/2022\\\/07\\\/TC-logo.png\",\"url\":\"https:\\\/\\\/translationcommons.org\\\/wp-content\\\/uploads\\\/2022\\\/07\\\/TC-logo.png\",\"contentUrl\":\"https:\\\/\\\/translationcommons.org\\\/wp-content\\\/uploads\\\/2022\\\/07\\\/TC-logo.png\",\"width\":1885,\"height\":949,\"caption\":\"tcadminwp\"},\"logo\":{\"@id\":\"https:\\\/\\\/translationcommons.org\\\/wp-content\\\/uploads\\\/2022\\\/07\\\/TC-logo.png\"},\"sameAs\":[\"https:\\\/\\\/translationcommons.org\"]}]}<\/script>\n<!-- \/ Yoast SEO plugin. -->","yoast_head_json":{"title":"Donate - Translation Commons","robots":{"index":"index","follow":"follow","max-snippet":"max-snippet:-1","max-image-preview":"max-image-preview:large","max-video-preview":"max-video-preview:-1"},"canonical":"https:\/\/translationcommons.org\/es\/donate\/","og_locale":"es_ES","og_type":"article","og_title":"Donate - Translation Commons","og_description":"Apoya a Translation Commons Con tu ayuda nuestro equipo de voluntarios podr\u00e1 atender las necesidades en l\u00ednea de nuestros miembros y garantizar que nuestras iniciativas contin\u00faen. Ap\u00f3yanos con PayPal Ap\u00f3yanos con Amazon Smile Apoya nuestras actividades Translation Commons acoge con agrado a los patrocinadores. Si compartes nuestra pasi\u00f3n aceptamos y agradecemos tu gentil apoyo, adem\u00e1s,&hellip;&nbsp;Leer m\u00e1s &raquo;Donate","og_url":"https:\/\/translationcommons.org\/es\/donate\/","og_site_name":"Translation Commons","article_modified_time":"2022-11-22T16:58:58+00:00","og_image":[{"url":"https:\/\/www.paypal.com\/en_US\/i\/scr\/pixel.gif","type":"","width":"","height":""}],"twitter_card":"summary_large_image","schema":{"@context":"https:\/\/schema.org","@graph":[{"@type":"WebPage","@id":"https:\/\/translationcommons.org\/es\/donate\/","url":"https:\/\/translationcommons.org\/es\/donate\/","name":"Donate - Translation Commons","isPartOf":{"@id":"https:\/\/translationcommons.org\/es\/#website"},"primaryImageOfPage":{"@id":"https:\/\/translationcommons.org\/es\/donate\/#primaryimage"},"image":{"@id":"https:\/\/translationcommons.org\/es\/donate\/#primaryimage"},"thumbnailUrl":"https:\/\/www.paypal.com\/en_US\/i\/scr\/pixel.gif","datePublished":"2022-09-19T04:14:45+00:00","dateModified":"2022-11-22T16:58:58+00:00","breadcrumb":{"@id":"https:\/\/translationcommons.org\/es\/donate\/#breadcrumb"},"inLanguage":"es","potentialAction":[{"@type":"ReadAction","target":["https:\/\/translationcommons.org\/es\/donate\/"]}]},{"@type":"ImageObject","inLanguage":"es","@id":"https:\/\/translationcommons.org\/es\/donate\/#primaryimage","url":"https:\/\/www.paypal.com\/en_US\/i\/scr\/pixel.gif","contentUrl":"https:\/\/www.paypal.com\/en_US\/i\/scr\/pixel.gif"},{"@type":"BreadcrumbList","@id":"https:\/\/translationcommons.org\/es\/donate\/#breadcrumb","itemListElement":[{"@type":"ListItem","position":1,"name":"Home","item":"https:\/\/translationcommons.org\/es\/"},{"@type":"ListItem","position":2,"name":"Donate"}]},{"@type":"WebSite","@id":"https:\/\/translationcommons.org\/es\/#website","url":"https:\/\/translationcommons.org\/es\/","name":"Translation Commons","description":"A volunteer community of language technology experts","publisher":{"@id":"https:\/\/translationcommons.org\/es\/#\/schema\/person\/c05e28231c3ea858d349692fe67644bf"},"potentialAction":[{"@type":"SearchAction","target":{"@type":"EntryPoint","urlTemplate":"https:\/\/translationcommons.org\/es\/?s={search_term_string}"},"query-input":{"@type":"PropertyValueSpecification","valueRequired":true,"valueName":"search_term_string"}}],"inLanguage":"es"},{"@type":["Person","Organization"],"@id":"https:\/\/translationcommons.org\/es\/#\/schema\/person\/c05e28231c3ea858d349692fe67644bf","name":"tcadminwp","image":{"@type":"ImageObject","inLanguage":"es","@id":"https:\/\/translationcommons.org\/wp-content\/uploads\/2022\/07\/TC-logo.png","url":"https:\/\/translationcommons.org\/wp-content\/uploads\/2022\/07\/TC-logo.png","contentUrl":"https:\/\/translationcommons.org\/wp-content\/uploads\/2022\/07\/TC-logo.png","width":1885,"height":949,"caption":"tcadminwp"},"logo":{"@id":"https:\/\/translationcommons.org\/wp-content\/uploads\/2022\/07\/TC-logo.png"},"sameAs":["https:\/\/translationcommons.org"]}]}},"uagb_featured_image_src":{"full":false,"thumbnail":false,"medium":false,"medium_large":false,"large":false,"1536x1536":false,"2048x2048":false,"neve-blog":false,"gform-image-choice-sm":false,"gform-image-choice-md":false,"gform-image-choice-lg":false},"uagb_author_info":{"display_name":"","author_link":"https:\/\/translationcommons.org\/es\/author\/admin\/"},"uagb_comment_info":0,"uagb_excerpt":"Apoya a Translation Commons Con tu ayuda nuestro equipo de voluntarios podr\u00e1 atender las necesidades en l\u00ednea de nuestros miembros y garantizar que nuestras iniciativas contin\u00faen. Ap\u00f3yanos con PayPal Ap\u00f3yanos con Amazon Smile Apoya nuestras actividades Translation Commons acoge con agrado a los patrocinadores. Si compartes nuestra pasi\u00f3n aceptamos y agradecemos tu gentil apoyo, adem\u00e1s,&hellip;&nbsp;Leer&hellip;","_links":{"self":[{"href":"https:\/\/translationcommons.org\/es\/wp-json\/wp\/v2\/pages\/2031","targetHints":{"allow":["GET"]}}],"collection":[{"href":"https:\/\/translationcommons.org\/es\/wp-json\/wp\/v2\/pages"}],"about":[{"href":"https:\/\/translationcommons.org\/es\/wp-json\/wp\/v2\/types\/page"}],"author":[{"embeddable":true,"href":"https:\/\/translationcommons.org\/es\/wp-json\/wp\/v2\/users\/7"}],"replies":[{"embeddable":true,"href":"https:\/\/translationcommons.org\/es\/wp-json\/wp\/v2\/comments?post=2031"}],"version-history":[{"count":1,"href":"https:\/\/translationcommons.org\/es\/wp-json\/wp\/v2\/pages\/2031\/revisions"}],"predecessor-version":[{"id":2033,"href":"https:\/\/translationcommons.org\/es\/wp-json\/wp\/v2\/pages\/2031\/revisions\/2033"}],"wp:attachment":[{"href":"https:\/\/translationcommons.org\/es\/wp-json\/wp\/v2\/media?parent=2031"}],"curies":[{"name":"wp","href":"https:\/\/api.w.org\/{rel}","templated":true}]}}